{"id":3,"date":"2023-12-13T14:18:19","date_gmt":"2023-12-13T14:18:19","guid":{"rendered":"https:\/\/toyo.barcelona.ro\/?page_id=3"},"modified":"2024-03-12T15:05:14","modified_gmt":"2024-03-12T15:05:14","slug":"privacy-policy","status":"publish","type":"page","link":"https:\/\/toyobarcelona.com\/ca\/privacy-policy\/","title":{"rendered":"Pol\u00edtica de privadesa"},"content":{"rendered":"<p>La nostra intenci\u00f3 \u00e9s poder oferir un servei de qualitat respectant el seu dret fonamental a la protecci\u00f3 de dades. Aquesta Pol\u00edtica de Privadesa ser\u00e0 aplicable als tractaments duts a terme per TOYOBARCELONA de les dades de car\u00e0cter personal demanades pels seg\u00fcents mitjans:<\/p>\n\n\n\n<ul class=\"wp-block-list\">\n<li>la p\u00e0gina web <a href=\"https:\/\/toyobarcelona.com\/ca\/\">https:\/\/toyobarcelona.com\/<\/a><\/li>\n\n\n\n<li>les comunicacions per correu electr\u00f2nic\/tel\u00e8fon.<\/li>\n\n\n\n<li>la gesti\u00f3 del mateix restaurant TOYOBARCELONA<\/li>\n\n\n\n<li>el sistema de videovigil\u00e0ncia<\/li>\n<\/ul>\n\n\n\n<p>Responsable del tractament<\/p>\n\n\n\n<p>TOYOBARCELONA.<br>NIF: B66491994<br>\u00a008012 Barcelona<\/p>\n\n\n\n<p>Carrer del Torrent de l&#8217;Olla, 08<\/p>\n\n\n\n<h3 class=\"wp-block-heading\">Quines dades recollim i amb quines finalitats? Quant de temps els conservem?<\/h3>\n\n\n\n<p>TOYOBARCELONA recollir\u00e0 diferents dades segons les funcionalitats de la p\u00e0gina web que utilitzeu, de com interactu\u00ef amb nosaltres a trav\u00e9s de la p\u00e0gina web o quan ve al nostre restaurant:<\/p>\n\n\n\n<h3 class=\"wp-block-heading\">ATENCI\u00d3 AL CLIENT<\/h3>\n\n\n\n<p>Dades: Les que vost\u00e8 ens faciliti quan es posi en contacte amb nosaltres a trav\u00e9s de les nostres dades de contacte.<\/p>\n\n\n\n<p>Finalitat: Gestionar la consulta per a la qual es posa en contacte amb nosaltres.<\/p>\n\n\n\n<p>Base Leg\u00edtima: Consentiment del titular. Art. 6.1.a) RGPD.<\/p>\n\n\n\n<p>Destinataris: A la resta de les empreses de TOYOBARCELONA en cas que calgui derivar la consulta per a una millor atenci\u00f3.<\/p>\n\n\n\n<p>Conservaci\u00f3: No es conservaran les dades una vegada en resulta la consulta.<\/p>\n\n\n\n<h3 class=\"wp-block-heading\">VIDEOVIGIL\u00c0NCIA<\/h3>\n\n\n\n<p>Dades: Imatges captades pels sistemes de videovigil\u00e0ncia<\/p>\n\n\n\n<p>Finalitat: Garantir la seguretat de les persones, b\u00e9ns i instal\u00b7lacions.<\/p>\n\n\n\n<p>Base leg\u00edtima: Inter\u00e8s leg\u00edtim del responsable del tractament (art.6.1.f) RGPD) consistent a garantir la seguretat de les persones, b\u00e9ns i instal\u00b7lacions de TOYOBARCELONA<\/p>\n\n\n\n<p>Destinataris: No se cediran a ning\u00fa tret que es posin a disposici\u00f3 de l'autoritat competent en cas que les imatges acreditin la comissi\u00f3 d'actes que atemptin contra la integritat de persones, b\u00e9ns o instal\u00b7lacions.<\/p>\n\n\n\n<p>Conservaci\u00f3: 30 dies<\/p>\n\n\n\n<h3 class=\"wp-block-heading\">NAVEGACI\u00d3 WEB<\/h3>\n\n\n\n<p>Dades: Cada vegada que accedeix a la p\u00e0gina web de TOYOBARCELONA, recopilem i tractem de forma autom\u00e0tica informaci\u00f3 sobre la forma en qu\u00e8 accedeix i utilitza la p\u00e0gina web i, en particular les dades de car\u00e0cter personal seg\u00fcents:<\/p>\n\n\n\n<p>Informaci\u00f3 t\u00e8cnica, inclosa la vostra adre\u00e7a IP, les vostres dades d'acc\u00e9s, el navegador i la vostra versi\u00f3, el sistema operatiu i\/o<\/p>\n\n\n\n<p>Informaci\u00f3 relativa a les vostres visites a la nostra p\u00e0gina web, incl\u00f2s el localitzador de recursos uniforme (URL), els serveis vistos o buscats i les p\u00e0gines que visita del nostre Servei; el temps de resposta del lloc; errors de desc\u00e0rrega; l'hora i la data de la visita; el temps que passa en aquestes p\u00e0gines; informaci\u00f3 sobre la interacci\u00f3 al lloc (per exemple, clics i\/o moviments amb el ratol\u00ed) els m\u00e8todes utilitzats per sortir del lloc, identificadors exclusius de dispositius i altres dades de diagn\u00f2stic i\/o<\/p>\n\n\n\n<p>Informaci\u00f3 recopilada a trav\u00e9s de l'\u00fas de galetes. Podeu obtenir m\u00e9s informaci\u00f3 sobre l'\u00fas d'aquests dispositius i sobre com administrar-les a la nostra pol\u00edtica de cookies.<\/p>\n\n\n\n<p>Finalitat: permetre participar en funcions interactives de la nostra p\u00e0gina web quan decideixi fer-ho; recopilar an\u00e0lisis estad\u00edstiques, investigaci\u00f3 i perfils en virtut de la navegaci\u00f3 i interessos respecte dels continguts, o altra informaci\u00f3 valuosa que ens permetin millorar la nostra p\u00e0gina web i el nostre servei; detectar, evitar i abordar problemes t\u00e8cnics.<\/p>\n\n\n\n<p>Base leg\u00edtima: consentiment del titular (art.6.1.a) RGPD).<\/p>\n\n\n\n<p>Destinataris: No se cediran a ning\u00fa.<\/p>\n\n\n\n<p>Conservaci\u00f3: Segons el que estableix la nostra pol\u00edtica de cookies.<\/p>\n\n\n\n<p>Destinataris<\/p>\n\n\n\n<p>TOYOBARCELONA no comunicar\u00e0 les dades que ens faciliti llevat que ho autoritzeu, TOYOBARCELONA tingui un inter\u00e8s leg\u00edtim, existeixi una obligaci\u00f3 legal o excepte expressa petici\u00f3 judicial o requeriment procedent d'autoritats de les Forces i Cossos de Seguretat.<\/p>\n\n\n\n<p>Ha de con\u00e8ixer tamb\u00e9 que per desenvolupar la seva activitat, TOYOBARCELONA pot contractar amb tercers (persones f\u00edsiques o jur\u00eddiques) perqu\u00e8 prestin algun servei al nostre nom, perqu\u00e8 subministrin serveis relacionats amb el nostre o perqu\u00e8 ens ajudin a analitzar com s'utilitza el nostre servei, fet que pogu\u00e9s comportar el tractament de les seves dades personals.<\/p>\n\n\n\n<p>Aquests tercers tindran acc\u00e9s a les seves dades personals \u00fanicament per realitzar aquestes tasques en nom nostre en base als corresponents contractes d'enc\u00e0rrec de tractament on els donem instruccions de com han de tractar i protegir les seves dades i estan obligats a no divulgar-les ni utilitzar-les amb cap altre<\/p>\n\n\n\n<h3 class=\"wp-block-heading\">Els seus drets<\/h3>\n\n\n\n<p>Vost\u00e8 t\u00e9 reconeguts els drets afectes al tractament de les seves dades personals: acc\u00e9s, rectificaci\u00f3, supressi\u00f3, oposici\u00f3, limitaci\u00f3 i portabilitat, que podr\u00e0 exercitar a trav\u00e9s de l'adre\u00e7a postal de TOYOBARCELONA indicada a la cap\u00e7alera oa trav\u00e9s de la seg\u00fcent adre\u00e7a de correu electr\u00f2nic&nbsp;<a href=\"mailto:catalin@barcelona.ro\" data-type=\"mailto\" data-id=\"mailto:catalin@barcelona.ro\">catalin@barcelona.ro<\/a>indicant a l'assumpte \u201cEXERCICI DE DRETS\u201d.<\/p>\n\n\n\n<p>En qualsevol cas, linteressat haur\u00e0 dacreditar la seva identitat facilitant una c\u00f2pia del seu Document Nacional, Passaport o altre document similar.<\/p>\n\n\n\n<p>De vegades, la petici\u00f3 exercitada donar\u00e0 lloc a la conservaci\u00f3, limitaci\u00f3 o bloqueig, segons correspongui, per donar curs a aquests drets.<\/p>\n\n\n\n<p>Respecte d'aquells tractaments la base jur\u00eddica dels quals sigui el consentiment, vost\u00e8 t\u00e9 el dret a retirar aquest consentiment en qualsevol moment, sense que aix\u00f2 afecti la licitud del tractament basat en el consentiment previ a la seva retirada.<\/p>\n\n\n\n<p>A m\u00e9s de l'anterior, podeu revocar en qualsevol moment el vostre consentiment a la recepci\u00f3 de comunicacions comercials: sol\u00b7licitant-ho a trav\u00e9s de l'adre\u00e7a de correu electr\u00f2nic anteriorment facilitada com a trav\u00e9s de l'enlla\u00e7 que es facilita amb aquesta finalitat en cadascuna de les comunicacions comercials que<\/p>\n\n\n\n<p>Igualment, per al cas que TOYOBARCELONA no compleixi les seves obligacions legals en relaci\u00f3 amb la protecci\u00f3 de les dades personals, vost\u00e8 t\u00e9 dret a dirigir la seva reclamaci\u00f3 davant l'autoritat competent, que a Espanya \u00e9s l'Ag\u00e8ncia Espanyola de Protecci\u00f3 de Dades (www. agpd.\u00e9s).<\/p>\n\n\n\n<h3 class=\"wp-block-heading\">Seguretat<\/h3>\n\n\n\n<p>La principal missi\u00f3 \u00e9s intentar assegurar i garantir tant el tractament de dades personals com la informaci\u00f3 associada, vetllant per la seva cust\u00f2dia i integritat, per la qual cosa TOYOBARCELONA adopta mesures organitzatives i t\u00e8cniques amb la finalitat de garantir la seguretat de les dades de car\u00e0cter personal i evitar la seva alteraci\u00f3, p\u00e8rdua, tractament o acc\u00e9s no autoritzat, tenint en compte l'estat de la tecnologia, la naturalesa de les dades emmagatzemades i els riscos a qu\u00e8 estan exposats, ja provinguin de l'acci\u00f3 humana o del medi f\u00edsic o natural, no sent responsable de qualsevol p\u00e8rdua, p\u00e8rdua o manipulaci\u00f3 de dades no autoritzada i aliena a la seva voluntat i que no s'hagi pogut preveure o es degui a atacs maliciosos de tercers.<\/p>\n\n\n\n<h3 class=\"wp-block-heading\">Enlla\u00e7os a altres llocs webs<\/h3>\n\n\n\n<p>La nostra p\u00e0gina web pot contenir enlla\u00e7os a altres llocs dInternet no operats per nosaltres. Si feu clic sobre l'enlla\u00e7 d'un tercer ser\u00e0 redirigit al lloc d'aquest tercer. Nosaltres no tenim cap control ni assumim cap responsabilitat pel que fa a les pol\u00edtiques o pr\u00e0ctiques de privadesa de llocs o serveis de tercers.<\/p>\n\n\n\n<p>Us recomanem encaridament que reviseu la Pol\u00edtica de Privadesa de tots els llocs que visiteu.<\/p>\n\n\n\n<h3 class=\"wp-block-heading\">Privadesa del menor<\/h3>\n\n\n\n<p>El nostre servei no s'adre\u00e7a a cap menor de 18 anys.<\/p>\n\n\n\n<p>La nostra intenci\u00f3 no \u00e9s recopilar informaci\u00f3 personal de menors de 18 anys. Si sou pare\/mare o tutor\/a i teniu coneixement que el vostre fill o menor tutelat ens ha facilitat dades personals contacteu amb nosaltres.<\/p>\n\n\n\n<p>Els usuaris garanteixen la veracitat i autenticitat de les informacions i les dades que comuniquin en virtut de la utilitzaci\u00f3 d'aquest lloc web. Qualsevol manifestaci\u00f3 falsa o inexacta que es produeixi com a conseq\u00fc\u00e8ncia de les informacions i dades manifestades, aix\u00ed com els prejudicis que aquesta informaci\u00f3 pogu\u00e9s causar, ser\u00e0 responsabilitat exclusiva dels usuaris.<\/p>\n\n\n\n<p>Si tenim coneixement que hem recopilat dades personals de menors de 18 anys sense verificaci\u00f3 que el consentiment va ser donat o autoritzat pel titular de la p\u00e0tria potestat o tutela sobre el nen, prendrem mesures per eliminar aquesta informaci\u00f3 dels nostres servidors i ens reservem el dret de prestar el servei.<\/p>\n\n\n\n<h3 class=\"wp-block-heading\">Canvis en aquesta Pol\u00edtica de Privadesa<\/h3>\n\n\n\n<p>TOYOBARCELONA pot actualitzar aquesta Pol\u00edtica de Privadesa en qualsevol moment. En cas que aix\u00f2 passi Ud. ser\u00e0 convenientment informat perqu\u00e8 pugui con\u00e8ixer aquests canvis i exercitar, si escau, els seus drets en cas de no estar conforme.<\/p>\n\n\n\n<p><strong>POL\u00cdTICA DE COOKIES<\/strong><\/p>\n\n\n\n<p>La nostra web utilitza cookies que permetran millorar la teva experi\u00e8ncia com a usuari mitjan\u00e7ant l'an\u00e0lisi dels teus h\u00e0bits de navegaci\u00f3 i en compliment de la LSSI (LLEI 34\/2002, de 11 de juliol, de serveis de la societat de la informaci\u00f3 i de comer\u00e7 electr\u00f2nic, modificada pel RD 13\/2012 a l'article 22.2), t'informarem sobre que s\u00f3n, quines utilitzem a la nostra web, com eliminar-les i et demanarem el consentiment per al seu \u00fas.<br>Qu\u00e8 s\u00f3n les cookies?<br>S\u00f3n petits arxius de text i n\u00fameros que es descarreguen i instal\u00b7len al teu ordinador o al teu m\u00f2bil o tauleta a trav\u00e9s del teu navegador (Internet Explorer, Firefox, Chrome, Safari\u2026) oa trav\u00e9s d'una aplicaci\u00f3 Flash.<br>Les cookies permeten que les webs et recordin, ja sigui durant una visita o durant diverses visites i emmagatzemin informaci\u00f3 sobre les teves prefer\u00e8ncies per oferir-te una experi\u00e8ncia personalitzada, m\u00e9s f\u00e0cil i m\u00e9s r\u00e0pida. Nom\u00e9s el servidor que la vau instal\u00b7lar podr\u00e0 llegir el seu contingut, que per altra banda, ser\u00e0 an\u00f2nim.<br>Encara que s'instal\u00b7lin al teu disc dur, en ser nom\u00e9s text o n\u00fameros, no s\u00f3n capa\u00e7os per si mateixes d'accedir a informaci\u00f3 personal del teu ordinador, ni a transmetre virus, tan sols rastregen la navegaci\u00f3 sobre un lloc web.<\/p>\n\n\n\n<p>Les galetes de tercers podran ser modificades, implementades o anul\u00b7lades per ells mateixos sense necessitat pr\u00e8via de notificar a la nostra part, per la qual cosa no podem fer-nos responsables que la informaci\u00f3 estigui perfectament actualitzada en tot moment segons la llei estableix.<br>La pol\u00edtica de cookies podr\u00e0 ser modificada pel titular del domini pel que recomanem la lectura amb cada entrada a la Web.<\/p>\n\n\n\n<p><\/p>","protected":false},"excerpt":{"rendered":"<p>Nuestra intenci\u00f3n es poder ofrecerle un servicio de calidad respetando su derecho fundamental a la protecci\u00f3n de datos. La presente Pol\u00edtica de Privacidad ser\u00e1 aplicable a los tratamientos llevados a cabo por TOYOBARCELONA de los datos de car\u00e1cter personal recabados por los siguientes medios: Responsable del tratamiento TOYOBARCELONA.NIF: B66491994\u00a008012 Barcelona Carrer del Torrent de l&#8217;Olla, &hellip;<\/p>\n<p class=\"read-more\"> <a class=\"\" href=\"https:\/\/toyobarcelona.com\/ca\/privacy-policy\/\"> <span class=\"screen-reader-text\">Pol\u00edtica de privadesa<\/span> Read More \u00bb<\/a><\/p>","protected":false},"author":1,"featured_media":0,"parent":0,"menu_order":0,"comment_status":"closed","ping_status":"open","template":"","meta":{"site-sidebar-layout":"default","site-content-layout":"default","ast-global-header-display":"","ast-main-header-display":"","ast-hfb-above-header-display":"","ast-hfb-below-header-display":"","ast-hfb-mobile-header-display":"","site-post-title":"","ast-breadcrumbs-content":"","ast-featured-img":"","footer-sml-layout":"","theme-transparent-header-meta":"","adv-header-id-meta":"","stick-header-meta":"","header-above-stick-meta":"","header-main-stick-meta":"","header-below-stick-meta":"","footnotes":""},"class_list":["post-3","page","type-page","status-publish","hentry"],"yoast_head":"<!-- This site is optimized with the Yoast SEO plugin v22.2 - https:\/\/yoast.com\/wordpress\/plugins\/seo\/ -->\n<title>Pol\u00edtica de privacidad - TOYO<\/title>\n<meta name=\"robots\" content=\"index, follow, max-snippet:-1, max-image-preview:large, max-video-preview:-1\" \/>\n<link rel=\"canonical\" href=\"https:\/\/toyobarcelona.com\/ca\/privacy-policy\/\" \/>\n<meta property=\"og:locale\" content=\"ca_ES\" \/>\n<meta property=\"og:type\" content=\"article\" \/>\n<meta property=\"og:title\" content=\"Pol\u00edtica de privacidad - TOYO\" \/>\n<meta property=\"og:description\" content=\"Nuestra intenci\u00f3n es poder ofrecerle un servicio de calidad respetando su derecho fundamental a la protecci\u00f3n de datos. La presente Pol\u00edtica de Privacidad ser\u00e1 aplicable a los tratamientos llevados a cabo por TOYOBARCELONA de los datos de car\u00e1cter personal recabados por los siguientes medios: Responsable del tratamiento TOYOBARCELONA.NIF: B66491994\u00a008012 Barcelona Carrer del Torrent de l&#8217;Olla, &hellip; Pol\u00edtica de privacidad Read More \u00bb\" \/>\n<meta property=\"og:url\" content=\"https:\/\/toyobarcelona.com\/ca\/privacy-policy\/\" \/>\n<meta property=\"og:site_name\" content=\"TOYO\" \/>\n<meta property=\"article:modified_time\" content=\"2024-03-12T15:05:14+00:00\" \/>\n<meta name=\"twitter:card\" content=\"summary_large_image\" \/>\n<meta name=\"twitter:label1\" content=\"Temps estimat de lectura\" \/>\n\t<meta name=\"twitter:data1\" content=\"8 minuts\" \/>\n<script type=\"application\/ld+json\" class=\"yoast-schema-graph\">{\"@context\":\"https:\/\/schema.org\",\"@graph\":[{\"@type\":\"WebPage\",\"@id\":\"https:\/\/toyobarcelona.com\/privacy-policy\/\",\"url\":\"https:\/\/toyobarcelona.com\/privacy-policy\/\",\"name\":\"Pol\u00edtica de privacidad - TOYO\",\"isPartOf\":{\"@id\":\"https:\/\/toyobarcelona.com\/#website\"},\"datePublished\":\"2023-12-13T14:18:19+00:00\",\"dateModified\":\"2024-03-12T15:05:14+00:00\",\"breadcrumb\":{\"@id\":\"https:\/\/toyobarcelona.com\/privacy-policy\/#breadcrumb\"},\"inLanguage\":\"ca\",\"potentialAction\":[{\"@type\":\"ReadAction\",\"target\":[\"https:\/\/toyobarcelona.com\/privacy-policy\/\"]}]},{\"@type\":\"BreadcrumbList\",\"@id\":\"https:\/\/toyobarcelona.com\/privacy-policy\/#breadcrumb\",\"itemListElement\":[{\"@type\":\"ListItem\",\"position\":1,\"name\":\"Portada\",\"item\":\"https:\/\/toyobarcelona.com\/\"},{\"@type\":\"ListItem\",\"position\":2,\"name\":\"Pol\u00edtica de privacidad\"}]},{\"@type\":\"WebSite\",\"@id\":\"https:\/\/toyobarcelona.com\/#website\",\"url\":\"https:\/\/toyobarcelona.com\/\",\"name\":\"TOYO\",\"description\":\"Sushi Barcelona\",\"publisher\":{\"@id\":\"https:\/\/toyobarcelona.com\/#organization\"},\"potentialAction\":[{\"@type\":\"SearchAction\",\"target\":{\"@type\":\"EntryPoint\",\"urlTemplate\":\"https:\/\/toyobarcelona.com\/?s={search_term_string}\"},\"query-input\":\"required name=search_term_string\"}],\"inLanguage\":\"ca\"},{\"@type\":\"Organization\",\"@id\":\"https:\/\/toyobarcelona.com\/#organization\",\"name\":\"TOYO\",\"url\":\"https:\/\/toyobarcelona.com\/\",\"logo\":{\"@type\":\"ImageObject\",\"inLanguage\":\"ca\",\"@id\":\"https:\/\/toyobarcelona.com\/#\/schema\/logo\/image\/\",\"url\":\"https:\/\/toyobarcelona.com\/wp-content\/uploads\/2023\/12\/cropped-cropped-LOGO-TOYO-\u9ed1\u8272\u80cc\u666f-01-216x300-1.png\",\"contentUrl\":\"https:\/\/toyobarcelona.com\/wp-content\/uploads\/2023\/12\/cropped-cropped-LOGO-TOYO-\u9ed1\u8272\u80cc\u666f-01-216x300-1.png\",\"width\":216,\"height\":300,\"caption\":\"TOYO\"},\"image\":{\"@id\":\"https:\/\/toyobarcelona.com\/#\/schema\/logo\/image\/\"}}]}<\/script>\n<!-- \/ Yoast SEO plugin. -->","yoast_head_json":{"title":"Pol\u00edtica de privacidad - TOYO","robots":{"index":"index","follow":"follow","max-snippet":"max-snippet:-1","max-image-preview":"max-image-preview:large","max-video-preview":"max-video-preview:-1"},"canonical":"https:\/\/toyobarcelona.com\/ca\/privacy-policy\/","og_locale":"ca_ES","og_type":"article","og_title":"Pol\u00edtica de privacidad - TOYO","og_description":"Nuestra intenci\u00f3n es poder ofrecerle un servicio de calidad respetando su derecho fundamental a la protecci\u00f3n de datos. La presente Pol\u00edtica de Privacidad ser\u00e1 aplicable a los tratamientos llevados a cabo por TOYOBARCELONA de los datos de car\u00e1cter personal recabados por los siguientes medios: Responsable del tratamiento TOYOBARCELONA.NIF: B66491994\u00a008012 Barcelona Carrer del Torrent de l&#8217;Olla, &hellip; Pol\u00edtica de privacidad Read More \u00bb","og_url":"https:\/\/toyobarcelona.com\/ca\/privacy-policy\/","og_site_name":"TOYO","article_modified_time":"2024-03-12T15:05:14+00:00","twitter_card":"summary_large_image","twitter_misc":{"Temps estimat de lectura":"8 minuts"},"schema":{"@context":"https:\/\/schema.org","@graph":[{"@type":"WebPage","@id":"https:\/\/toyobarcelona.com\/privacy-policy\/","url":"https:\/\/toyobarcelona.com\/privacy-policy\/","name":"Pol\u00edtica de privacidad - TOYO","isPartOf":{"@id":"https:\/\/toyobarcelona.com\/#website"},"datePublished":"2023-12-13T14:18:19+00:00","dateModified":"2024-03-12T15:05:14+00:00","breadcrumb":{"@id":"https:\/\/toyobarcelona.com\/privacy-policy\/#breadcrumb"},"inLanguage":"ca","potentialAction":[{"@type":"ReadAction","target":["https:\/\/toyobarcelona.com\/privacy-policy\/"]}]},{"@type":"BreadcrumbList","@id":"https:\/\/toyobarcelona.com\/privacy-policy\/#breadcrumb","itemListElement":[{"@type":"ListItem","position":1,"name":"Portada","item":"https:\/\/toyobarcelona.com\/"},{"@type":"ListItem","position":2,"name":"Pol\u00edtica de privacidad"}]},{"@type":"WebSite","@id":"https:\/\/toyobarcelona.com\/#website","url":"https:\/\/toyobarcelona.com\/","name":"TOYO","description":"Sushi Barcelona","publisher":{"@id":"https:\/\/toyobarcelona.com\/#organization"},"potentialAction":[{"@type":"SearchAction","target":{"@type":"EntryPoint","urlTemplate":"https:\/\/toyobarcelona.com\/?s={search_term_string}"},"query-input":"required name=search_term_string"}],"inLanguage":"ca"},{"@type":"Organization","@id":"https:\/\/toyobarcelona.com\/#organization","name":"TOYO","url":"https:\/\/toyobarcelona.com\/","logo":{"@type":"ImageObject","inLanguage":"ca","@id":"https:\/\/toyobarcelona.com\/#\/schema\/logo\/image\/","url":"https:\/\/toyobarcelona.com\/wp-content\/uploads\/2023\/12\/cropped-cropped-LOGO-TOYO-\u9ed1\u8272\u80cc\u666f-01-216x300-1.png","contentUrl":"https:\/\/toyobarcelona.com\/wp-content\/uploads\/2023\/12\/cropped-cropped-LOGO-TOYO-\u9ed1\u8272\u80cc\u666f-01-216x300-1.png","width":216,"height":300,"caption":"TOYO"},"image":{"@id":"https:\/\/toyobarcelona.com\/#\/schema\/logo\/image\/"}}]}},"_links":{"self":[{"href":"https:\/\/toyobarcelona.com\/ca\/wp-json\/wp\/v2\/pages\/3","targetHints":{"allow":["GET"]}}],"collection":[{"href":"https:\/\/toyobarcelona.com\/ca\/wp-json\/wp\/v2\/pages"}],"about":[{"href":"https:\/\/toyobarcelona.com\/ca\/wp-json\/wp\/v2\/types\/page"}],"author":[{"embeddable":true,"href":"https:\/\/toyobarcelona.com\/ca\/wp-json\/wp\/v2\/users\/1"}],"replies":[{"embeddable":true,"href":"https:\/\/toyobarcelona.com\/ca\/wp-json\/wp\/v2\/comments?post=3"}],"version-history":[{"count":13,"href":"https:\/\/toyobarcelona.com\/ca\/wp-json\/wp\/v2\/pages\/3\/revisions"}],"predecessor-version":[{"id":1309,"href":"https:\/\/toyobarcelona.com\/ca\/wp-json\/wp\/v2\/pages\/3\/revisions\/1309"}],"wp:attachment":[{"href":"https:\/\/toyobarcelona.com\/ca\/wp-json\/wp\/v2\/media?parent=3"}],"curies":[{"name":"wp","href":"https:\/\/api.w.org\/{rel}","templated":true}]}}