{"id":723,"date":"2023-12-14T10:58:35","date_gmt":"2023-12-14T10:58:35","guid":{"rendered":"https:\/\/toyo.barcelona.ro\/?page_id=723"},"modified":"2024-03-05T19:54:44","modified_gmt":"2024-03-05T19:54:44","slug":"toyo-menu-sushi","status":"publish","type":"page","link":"https:\/\/toyobarcelona.com\/ca\/toyo-menu-sushi\/","title":{"rendered":"TOYO  MEN\u00da"},"content":{"rendered":"<figure class=\"wp-block-image alignfull size-full\"><img fetchpriority=\"high\" decoding=\"async\" width=\"545\" height=\"1024\" src=\"https:\/\/toyo.barcelona.ro\/wp-content\/uploads\/2023\/12\/toyo-menu-mediodia-545x1024-1.jpg\" alt=\"\" class=\"wp-image-724\" srcset=\"https:\/\/toyobarcelona.com\/wp-content\/uploads\/2023\/12\/toyo-menu-mediodia-545x1024-1.jpg 545w, https:\/\/toyobarcelona.com\/wp-content\/uploads\/2023\/12\/toyo-menu-mediodia-545x1024-1-160x300.jpg 160w\" sizes=\"(max-width: 545px) 100vw, 545px\" \/><\/figure>\n\n\n\n<hr class=\"wp-block-separator has-text-color has-white-color has-alpha-channel-opacity has-white-background-color has-background is-style-wide\"\/>\n\n\n\n<figure class=\"wp-block-image alignfull size-full\"><img decoding=\"async\" width=\"723\" height=\"1024\" src=\"https:\/\/toyo.barcelona.ro\/wp-content\/uploads\/2023\/12\/menu-especial-dos-personas-723x1024-1.jpg\" alt=\"\" class=\"wp-image-725\" srcset=\"https:\/\/toyobarcelona.com\/wp-content\/uploads\/2023\/12\/menu-especial-dos-personas-723x1024-1.jpg 723w, https:\/\/toyobarcelona.com\/wp-content\/uploads\/2023\/12\/menu-especial-dos-personas-723x1024-1-212x300.jpg 212w\" sizes=\"(max-width: 723px) 100vw, 723px\" \/><\/figure>","protected":false},"excerpt":{"rendered":"","protected":false},"author":1,"featured_media":0,"parent":0,"menu_order":0,"comment_status":"closed","ping_status":"closed","template":"","meta":{"site-sidebar-layout":"default","site-content-layout":"default","ast-global-header-display":"","ast-main-header-display":"","ast-hfb-above-header-display":"","ast-hfb-below-header-display":"","ast-hfb-mobile-header-display":"","site-post-title":"","ast-breadcrumbs-content":"","ast-featured-img":"","footer-sml-layout":"","theme-transparent-header-meta":"","adv-header-id-meta":"","stick-header-meta":"","header-above-stick-meta":"","header-main-stick-meta":"","header-below-stick-meta":"","footnotes":""},"class_list":["post-723","page","type-page","status-publish","hentry"],"yoast_head":"<!-- This site is optimized with the Yoast SEO plugin v22.2 - https:\/\/yoast.com\/wordpress\/plugins\/seo\/ -->\n<title>TOYO men\u00fa sushi Barcelona<\/title>\n<meta name=\"description\" content=\"Tenemos el mejor men\u00fa de sushi de Barcelona. \u00a1Encu\u00e9ntranos en el barrio de Gracia! Te encantar\u00e1 tanto el men\u00fa mediod\u00eda como el especial.\" \/>\n<meta name=\"robots\" content=\"index, follow, max-snippet:-1, max-image-preview:large, max-video-preview:-1\" \/>\n<link rel=\"canonical\" href=\"https:\/\/toyobarcelona.com\/ca\/toyo-menu-sushi\/\" \/>\n<meta property=\"og:locale\" content=\"ca_ES\" \/>\n<meta property=\"og:type\" content=\"article\" \/>\n<meta property=\"og:title\" content=\"TOYO men\u00fa sushi Barcelona\" \/>\n<meta property=\"og:description\" content=\"Tenemos el mejor men\u00fa de sushi de Barcelona. \u00a1Encu\u00e9ntranos en el barrio de Gracia! Te encantar\u00e1 tanto el men\u00fa mediod\u00eda como el especial.\" \/>\n<meta property=\"og:url\" content=\"https:\/\/toyobarcelona.com\/ca\/toyo-menu-sushi\/\" \/>\n<meta property=\"og:site_name\" content=\"TOYO\" \/>\n<meta property=\"article:modified_time\" content=\"2024-03-05T19:54:44+00:00\" \/>\n<meta property=\"og:image\" content=\"https:\/\/toyo.barcelona.ro\/wp-content\/uploads\/2023\/12\/toyo-menu-mediodia-545x1024-1.jpg\" \/>\n<meta name=\"twitter:card\" content=\"summary_large_image\" \/>\n<meta name=\"twitter:label1\" content=\"Temps estimat de lectura\" \/>\n\t<meta name=\"twitter:data1\" content=\"1 minut\" \/>\n<script type=\"application\/ld+json\" class=\"yoast-schema-graph\">{\"@context\":\"https:\/\/schema.org\",\"@graph\":[{\"@type\":\"WebPage\",\"@id\":\"https:\/\/toyobarcelona.com\/toyo-menu-sushi\/\",\"url\":\"https:\/\/toyobarcelona.com\/toyo-menu-sushi\/\",\"name\":\"TOYO men\u00fa sushi Barcelona\",\"isPartOf\":{\"@id\":\"https:\/\/toyobarcelona.com\/#website\"},\"primaryImageOfPage\":{\"@id\":\"https:\/\/toyobarcelona.com\/toyo-menu-sushi\/#primaryimage\"},\"image\":{\"@id\":\"https:\/\/toyobarcelona.com\/toyo-menu-sushi\/#primaryimage\"},\"thumbnailUrl\":\"https:\/\/toyo.barcelona.ro\/wp-content\/uploads\/2023\/12\/toyo-menu-mediodia-545x1024-1.jpg\",\"datePublished\":\"2023-12-14T10:58:35+00:00\",\"dateModified\":\"2024-03-05T19:54:44+00:00\",\"description\":\"Tenemos el mejor men\u00fa de sushi de Barcelona. \u00a1Encu\u00e9ntranos en el barrio de Gracia! Te encantar\u00e1 tanto el men\u00fa mediod\u00eda como el especial.\",\"breadcrumb\":{\"@id\":\"https:\/\/toyobarcelona.com\/toyo-menu-sushi\/#breadcrumb\"},\"inLanguage\":\"ca\",\"potentialAction\":[{\"@type\":\"ReadAction\",\"target\":[\"https:\/\/toyobarcelona.com\/toyo-menu-sushi\/\"]}]},{\"@type\":\"ImageObject\",\"inLanguage\":\"ca\",\"@id\":\"https:\/\/toyobarcelona.com\/toyo-menu-sushi\/#primaryimage\",\"url\":\"https:\/\/toyo.barcelona.ro\/wp-content\/uploads\/2023\/12\/toyo-menu-mediodia-545x1024-1.jpg\",\"contentUrl\":\"https:\/\/toyo.barcelona.ro\/wp-content\/uploads\/2023\/12\/toyo-menu-mediodia-545x1024-1.jpg\"},{\"@type\":\"BreadcrumbList\",\"@id\":\"https:\/\/toyobarcelona.com\/toyo-menu-sushi\/#breadcrumb\",\"itemListElement\":[{\"@type\":\"ListItem\",\"position\":1,\"name\":\"Portada\",\"item\":\"https:\/\/toyobarcelona.com\/\"},{\"@type\":\"ListItem\",\"position\":2,\"name\":\"TOYO MEN\u00da\"}]},{\"@type\":\"WebSite\",\"@id\":\"https:\/\/toyobarcelona.com\/#website\",\"url\":\"https:\/\/toyobarcelona.com\/\",\"name\":\"TOYO\",\"description\":\"Sushi Barcelona\",\"publisher\":{\"@id\":\"https:\/\/toyobarcelona.com\/#organization\"},\"potentialAction\":[{\"@type\":\"SearchAction\",\"target\":{\"@type\":\"EntryPoint\",\"urlTemplate\":\"https:\/\/toyobarcelona.com\/?s={search_term_string}\"},\"query-input\":\"required name=search_term_string\"}],\"inLanguage\":\"ca\"},{\"@type\":\"Organization\",\"@id\":\"https:\/\/toyobarcelona.com\/#organization\",\"name\":\"TOYO\",\"url\":\"https:\/\/toyobarcelona.com\/\",\"logo\":{\"@type\":\"ImageObject\",\"inLanguage\":\"ca\",\"@id\":\"https:\/\/toyobarcelona.com\/#\/schema\/logo\/image\/\",\"url\":\"https:\/\/toyobarcelona.com\/wp-content\/uploads\/2023\/12\/cropped-cropped-LOGO-TOYO-\u9ed1\u8272\u80cc\u666f-01-216x300-1.png\",\"contentUrl\":\"https:\/\/toyobarcelona.com\/wp-content\/uploads\/2023\/12\/cropped-cropped-LOGO-TOYO-\u9ed1\u8272\u80cc\u666f-01-216x300-1.png\",\"width\":216,\"height\":300,\"caption\":\"TOYO\"},\"image\":{\"@id\":\"https:\/\/toyobarcelona.com\/#\/schema\/logo\/image\/\"}}]}<\/script>\n<!-- \/ Yoast SEO plugin. -->","yoast_head_json":{"title":"TOYO men\u00fa sushi Barcelona","description":"Tenemos el mejor men\u00fa de sushi de Barcelona. \u00a1Encu\u00e9ntranos en el barrio de Gracia! Te encantar\u00e1 tanto el men\u00fa mediod\u00eda como el especial.","robots":{"index":"index","follow":"follow","max-snippet":"max-snippet:-1","max-image-preview":"max-image-preview:large","max-video-preview":"max-video-preview:-1"},"canonical":"https:\/\/toyobarcelona.com\/ca\/toyo-menu-sushi\/","og_locale":"ca_ES","og_type":"article","og_title":"TOYO men\u00fa sushi Barcelona","og_description":"Tenemos el mejor men\u00fa de sushi de Barcelona. \u00a1Encu\u00e9ntranos en el barrio de Gracia! Te encantar\u00e1 tanto el men\u00fa mediod\u00eda como el especial.","og_url":"https:\/\/toyobarcelona.com\/ca\/toyo-menu-sushi\/","og_site_name":"TOYO","article_modified_time":"2024-03-05T19:54:44+00:00","og_image":[{"url":"https:\/\/toyo.barcelona.ro\/wp-content\/uploads\/2023\/12\/toyo-menu-mediodia-545x1024-1.jpg"}],"twitter_card":"summary_large_image","twitter_misc":{"Temps estimat de lectura":"1 minut"},"schema":{"@context":"https:\/\/schema.org","@graph":[{"@type":"WebPage","@id":"https:\/\/toyobarcelona.com\/toyo-menu-sushi\/","url":"https:\/\/toyobarcelona.com\/toyo-menu-sushi\/","name":"TOYO men\u00fa sushi Barcelona","isPartOf":{"@id":"https:\/\/toyobarcelona.com\/#website"},"primaryImageOfPage":{"@id":"https:\/\/toyobarcelona.com\/toyo-menu-sushi\/#primaryimage"},"image":{"@id":"https:\/\/toyobarcelona.com\/toyo-menu-sushi\/#primaryimage"},"thumbnailUrl":"https:\/\/toyo.barcelona.ro\/wp-content\/uploads\/2023\/12\/toyo-menu-mediodia-545x1024-1.jpg","datePublished":"2023-12-14T10:58:35+00:00","dateModified":"2024-03-05T19:54:44+00:00","description":"Tenemos el mejor men\u00fa de sushi de Barcelona. \u00a1Encu\u00e9ntranos en el barrio de Gracia! Te encantar\u00e1 tanto el men\u00fa mediod\u00eda como el especial.","breadcrumb":{"@id":"https:\/\/toyobarcelona.com\/toyo-menu-sushi\/#breadcrumb"},"inLanguage":"ca","potentialAction":[{"@type":"ReadAction","target":["https:\/\/toyobarcelona.com\/toyo-menu-sushi\/"]}]},{"@type":"ImageObject","inLanguage":"ca","@id":"https:\/\/toyobarcelona.com\/toyo-menu-sushi\/#primaryimage","url":"https:\/\/toyo.barcelona.ro\/wp-content\/uploads\/2023\/12\/toyo-menu-mediodia-545x1024-1.jpg","contentUrl":"https:\/\/toyo.barcelona.ro\/wp-content\/uploads\/2023\/12\/toyo-menu-mediodia-545x1024-1.jpg"},{"@type":"BreadcrumbList","@id":"https:\/\/toyobarcelona.com\/toyo-menu-sushi\/#breadcrumb","itemListElement":[{"@type":"ListItem","position":1,"name":"Portada","item":"https:\/\/toyobarcelona.com\/"},{"@type":"ListItem","position":2,"name":"TOYO MEN\u00da"}]},{"@type":"WebSite","@id":"https:\/\/toyobarcelona.com\/#website","url":"https:\/\/toyobarcelona.com\/","name":"TOYO","description":"Sushi Barcelona","publisher":{"@id":"https:\/\/toyobarcelona.com\/#organization"},"potentialAction":[{"@type":"SearchAction","target":{"@type":"EntryPoint","urlTemplate":"https:\/\/toyobarcelona.com\/?s={search_term_string}"},"query-input":"required name=search_term_string"}],"inLanguage":"ca"},{"@type":"Organization","@id":"https:\/\/toyobarcelona.com\/#organization","name":"TOYO","url":"https:\/\/toyobarcelona.com\/","logo":{"@type":"ImageObject","inLanguage":"ca","@id":"https:\/\/toyobarcelona.com\/#\/schema\/logo\/image\/","url":"https:\/\/toyobarcelona.com\/wp-content\/uploads\/2023\/12\/cropped-cropped-LOGO-TOYO-\u9ed1\u8272\u80cc\u666f-01-216x300-1.png","contentUrl":"https:\/\/toyobarcelona.com\/wp-content\/uploads\/2023\/12\/cropped-cropped-LOGO-TOYO-\u9ed1\u8272\u80cc\u666f-01-216x300-1.png","width":216,"height":300,"caption":"TOYO"},"image":{"@id":"https:\/\/toyobarcelona.com\/#\/schema\/logo\/image\/"}}]}},"_links":{"self":[{"href":"https:\/\/toyobarcelona.com\/ca\/wp-json\/wp\/v2\/pages\/723","targetHints":{"allow":["GET"]}}],"collection":[{"href":"https:\/\/toyobarcelona.com\/ca\/wp-json\/wp\/v2\/pages"}],"about":[{"href":"https:\/\/toyobarcelona.com\/ca\/wp-json\/wp\/v2\/types\/page"}],"author":[{"embeddable":true,"href":"https:\/\/toyobarcelona.com\/ca\/wp-json\/wp\/v2\/users\/1"}],"replies":[{"embeddable":true,"href":"https:\/\/toyobarcelona.com\/ca\/wp-json\/wp\/v2\/comments?post=723"}],"version-history":[{"count":3,"href":"https:\/\/toyobarcelona.com\/ca\/wp-json\/wp\/v2\/pages\/723\/revisions"}],"predecessor-version":[{"id":729,"href":"https:\/\/toyobarcelona.com\/ca\/wp-json\/wp\/v2\/pages\/723\/revisions\/729"}],"wp:attachment":[{"href":"https:\/\/toyobarcelona.com\/ca\/wp-json\/wp\/v2\/media?parent=723"}],"curies":[{"name":"wp","href":"https:\/\/api.w.org\/{rel}","templated":true}]}}